{"id":43,"date":"2018-11-02T08:35:03","date_gmt":"2018-11-02T11:35:03","guid":{"rendered":"http:\/\/linzcalifornia.com.ar\/reservar\/?page_id=43"},"modified":"2025-04-29T09:40:35","modified_gmt":"2025-04-29T12:40:35","slug":"terminos-y-condiciones-de-reservas","status":"publish","type":"page","link":"https:\/\/linzcalifornia.com.ar\/reservar\/terminos-y-condiciones-de-reservas\/","title":{"rendered":"Pol\u00edtica de Modificaci\u00f3n \/\u00a0 Cancelaci\u00f3n de Reservas"},"content":{"rendered":"\n<p><strong>POLITICAS DE MODIFICACI\u00d3N O CANCELACI\u00d3N <\/strong><\/p>\n\n\n\n<p><strong>Hasta 10 d\u00edas previos al check in:<\/strong><br>Tendr\u00e1 derecho al uso del importe abonado dentro de los 30 d\u00edas posteriores a la fecha de su reserva.<\/p>\n\n\n\n<p>&nbsp;*Con previo aviso \/ Sujeto a disponibilidad \/ Tarifa sujeta a cambios<\/p>\n\n\n\n<p><strong>Dentro de los 10 d\u00edas previos al check in:<\/strong><br>Se\u00f1a no reembolsable.<\/p>\n","protected":false},"excerpt":{"rendered":"<p>POLITICAS DE MODIFICACI\u00d3N O CANCELACI\u00d3N Hasta 10 d\u00edas previos al check in:Tendr\u00e1 derecho al uso del importe abonado dentro de los 30 d\u00edas posteriores a la fecha de su reserva. &nbsp;*Con previo aviso \/ Sujeto a disponibilidad \/ Tarifa sujeta a cambios Dentro de los 10 d\u00edas previos al check in:Se\u00f1a no reembolsable.<\/p>\n","protected":false},"author":1,"featured_media":0,"parent":0,"menu_order":0,"comment_status":"closed","ping_status":"closed","template":"","meta":{"footnotes":""},"class_list":["post-43","page","type-page","status-publish","hentry"],"_links":{"self":[{"href":"https:\/\/linzcalifornia.com.ar\/reservar\/wp-json\/wp\/v2\/pages\/43","targetHints":{"allow":["GET"]}}],"collection":[{"href":"https:\/\/linzcalifornia.com.ar\/reservar\/wp-json\/wp\/v2\/pages"}],"about":[{"href":"https:\/\/linzcalifornia.com.ar\/reservar\/wp-json\/wp\/v2\/types\/page"}],"author":[{"embeddable":true,"href":"https:\/\/linzcalifornia.com.ar\/reservar\/wp-json\/wp\/v2\/users\/1"}],"replies":[{"embeddable":true,"href":"https:\/\/linzcalifornia.com.ar\/reservar\/wp-json\/wp\/v2\/comments?post=43"}],"version-history":[{"count":11,"href":"https:\/\/linzcalifornia.com.ar\/reservar\/wp-json\/wp\/v2\/pages\/43\/revisions"}],"predecessor-version":[{"id":388,"href":"https:\/\/linzcalifornia.com.ar\/reservar\/wp-json\/wp\/v2\/pages\/43\/revisions\/388"}],"wp:attachment":[{"href":"https:\/\/linzcalifornia.com.ar\/reservar\/wp-json\/wp\/v2\/media?parent=43"}],"curies":[{"name":"wp","href":"https:\/\/api.w.org\/{rel}","templated":true}]}}