{"id":10,"date":"2018-09-12T09:05:37","date_gmt":"2018-09-12T12:05:37","guid":{"rendered":"http:\/\/linzcalifornia.com.ar\/reservar\/?page_id=10"},"modified":"2024-10-31T15:38:48","modified_gmt":"2024-10-31T18:38:48","slug":"reservas","status":"publish","type":"page","link":"https:\/\/linzcalifornia.com.ar\/reservar\/","title":{"rendered":""},"content":{"rendered":"\n<figure class=\"wp-block-image size-full\"><img loading=\"lazy\" decoding=\"async\" width=\"1000\" height=\"140\" src=\"https:\/\/linzcalifornia.com.ar\/reservar\/wp-content\/uploads\/2022\/11\/banner.png\" alt=\"\" class=\"wp-image-247\" srcset=\"https:\/\/linzcalifornia.com.ar\/reservar\/wp-content\/uploads\/2022\/11\/banner.png 1000w, https:\/\/linzcalifornia.com.ar\/reservar\/wp-content\/uploads\/2022\/11\/banner-300x42.png 300w, https:\/\/linzcalifornia.com.ar\/reservar\/wp-content\/uploads\/2022\/11\/banner-768x108.png 768w\" sizes=\"auto, (max-width: 709px) 85vw, (max-width: 909px) 67vw, (max-width: 1362px) 62vw, 840px\" \/><\/figure>\n\n\n<p id=\"shortcode_booking_form\"><\/p>\n<p>* Ni\u00f1os menores de 2 a\u00f1os sin cargo (no agregar los ni\u00f1os menores de 2 a\u00f1os en el campo de b\u00fasqueda). \u00danicamente son considerados ni\u00f1os los menores de 2 a 10 a\u00f1os. Los menores a partir de los 11 a\u00f1os, por favor ingresarlos como adultos en la b\u00fasqueda.<\/p>\n<p>Lea nuestras <a href=\"http:\/\/linzcalifornia.com.ar\/reservar\/terminos-y-condiciones-de-reservas\/\" target=\"_blank\" rel=\"noopener noreferrer\">pol\u00edticas de modificaci\u00f3n y cancelaci\u00f3n<\/a> antes de reservar.<\/p>","protected":false},"excerpt":{"rendered":"<p>* Ni\u00f1os menores de 2 a\u00f1os sin cargo (no agregar los ni\u00f1os menores de 2 a\u00f1os en el campo de b\u00fasqueda). \u00danicamente son considerados ni\u00f1os los menores de 2 a 10 a\u00f1os. Los menores a partir de los 11 a\u00f1os, por favor ingresarlos como adultos en la b\u00fasqueda. Lea nuestras pol\u00edticas de modificaci\u00f3n y cancelaci\u00f3n &hellip; <a href=\"https:\/\/linzcalifornia.com.ar\/reservar\/\" class=\"more-link\">Continuar leyendo<span class=\"screen-reader-text\"> &#8220;&#8221;<\/span><\/a><\/p>\n","protected":false},"author":1,"featured_media":0,"parent":0,"menu_order":0,"comment_status":"closed","ping_status":"closed","template":"","meta":{"footnotes":""},"class_list":["post-10","page","type-page","status-publish","hentry"],"_links":{"self":[{"href":"https:\/\/linzcalifornia.com.ar\/reservar\/wp-json\/wp\/v2\/pages\/10","targetHints":{"allow":["GET"]}}],"collection":[{"href":"https:\/\/linzcalifornia.com.ar\/reservar\/wp-json\/wp\/v2\/pages"}],"about":[{"href":"https:\/\/linzcalifornia.com.ar\/reservar\/wp-json\/wp\/v2\/types\/page"}],"author":[{"embeddable":true,"href":"https:\/\/linzcalifornia.com.ar\/reservar\/wp-json\/wp\/v2\/users\/1"}],"replies":[{"embeddable":true,"href":"https:\/\/linzcalifornia.com.ar\/reservar\/wp-json\/wp\/v2\/comments?post=10"}],"version-history":[{"count":26,"href":"https:\/\/linzcalifornia.com.ar\/reservar\/wp-json\/wp\/v2\/pages\/10\/revisions"}],"predecessor-version":[{"id":351,"href":"https:\/\/linzcalifornia.com.ar\/reservar\/wp-json\/wp\/v2\/pages\/10\/revisions\/351"}],"wp:attachment":[{"href":"https:\/\/linzcalifornia.com.ar\/reservar\/wp-json\/wp\/v2\/media?parent=10"}],"curies":[{"name":"wp","href":"https:\/\/api.w.org\/{rel}","templated":true}]}}